{"id":3449,"date":"2026-04-01T13:28:11","date_gmt":"2026-04-01T11:28:11","guid":{"rendered":"https:\/\/cafe-etenendrinken.nl\/malden\/?page_id=3449"},"modified":"2026-04-01T13:29:36","modified_gmt":"2026-04-01T11:29:36","slug":"barbecue-tafel","status":"publish","type":"page","link":"https:\/\/cafe-etenendrinken.nl\/malden\/activiteiten\/barbecue-tafel\/","title":{"rendered":"Barbecue tafel"},"content":{"rendered":"\t\t<div data-elementor-type=\"wp-page\" data-elementor-id=\"3449\" class=\"elementor elementor-3449\" data-elementor-post-type=\"page\">\n\t\t\t\t<div class=\"elementor-element elementor-element-5cb8d9bc e-flex e-con-boxed e-con e-parent\" data-id=\"5cb8d9bc\" data-element_type=\"container\" data-e-type=\"container\" data-settings=\"{&quot;background_background&quot;:&quot;classic&quot;}\">\n\t\t\t\t\t<div class=\"e-con-inner\">\n\t\t<div class=\"elementor-element elementor-element-5efd7d1e e-con-full e-flex e-con e-child\" data-id=\"5efd7d1e\" data-element_type=\"container\" data-e-type=\"container\">\n\t\t\t\t<div class=\"elementor-element elementor-element-4c328268 elementor-widget elementor-widget-heading\" data-id=\"4c328268\" data-element_type=\"widget\" data-e-type=\"widget\" data-widget_type=\"heading.default\">\n\t\t\t\t\t<h2 class=\"elementor-heading-title elementor-size-default\">Barbecue tafel<\/h2>\t\t\t\t<\/div>\n\t\t\t\t<div class=\"elementor-element elementor-element-80d4c3f elementor-widget-tablet__width-initial elementor-widget elementor-widget-text-editor\" data-id=\"80d4c3f\" data-element_type=\"widget\" data-e-type=\"widget\" data-widget_type=\"text-editor.default\">\n\t\t\t\t\t\t\t\t\t<p>Heb je geen eigen barbecue of tuin? Of zie je op tegen het schoonmaken achteraf? Geen zorgen! Met onze\u00a0barbecue tafels kun je zelf barbecue\u00ebn op ons gezellige, verwarmde terras, terwijl wij alles voor je regelen \u2013 inclusief de afwas.<\/p>\t\t\t\t\t\t\t\t<\/div>\n\t\t\t\t<\/div>\n\t\t<div class=\"elementor-element elementor-element-165192ca e-con-full e-flex e-con e-child\" data-id=\"165192ca\" data-element_type=\"container\" data-e-type=\"container\">\n\t\t\t\t<div class=\"elementor-element elementor-element-4fa9e7c8 elementor-widget__width-initial elementor-widget-tablet__width-inherit elementor-widget elementor-widget-image\" data-id=\"4fa9e7c8\" data-element_type=\"widget\" data-e-type=\"widget\" data-widget_type=\"image.default\">\n\t\t\t\t\t\t\t\t\t\t\t\t\t\t\t<img decoding=\"async\" src=\"https:\/\/cafe-etenendrinken.nl\/malden\/wp-content\/uploads\/sites\/8\/elementor\/thumbs\/Barbecue-tafel-2-scaled-rld4vn93pix0wzhsg78us7j9jqfywkfnpcefkg78ug.jpg\" title=\"Barbecue tafel 2\" alt=\"Barbecue tafel 2\" loading=\"lazy\" \/>\t\t\t\t\t\t\t\t\t\t\t\t\t\t\t<\/div>\n\t\t\t\t<\/div>\n\t\t\t\t\t<\/div>\n\t\t\t\t<\/div>\n\t\t<div class=\"elementor-element elementor-element-49c57d79 e-flex e-con-boxed e-con e-parent\" data-id=\"49c57d79\" data-element_type=\"container\" data-e-type=\"container\">\n\t\t\t\t\t<div class=\"e-con-inner\">\n\t\t\t\t<div class=\"elementor-element elementor-element-2bde1f25 elementor-widget__width-initial elementor-widget-mobile__width-inherit elementor-widget elementor-widget-text-editor\" data-id=\"2bde1f25\" data-element_type=\"widget\" data-e-type=\"widget\" data-widget_type=\"text-editor.default\">\n\t\t\t\t\t\t\t\t\t<p><strong>Barbecue Tafel<br \/><\/strong>Je kunt bij ons elke dag van de week heerlijk komen barbecue\u00ebn voor maar \u20ac35,- p.p. Hiervoor krijg je 4 stuks vlees, stokbrood, verse meloen, frietjes en diverse dips.<span style=\"font-family: var( --e-global-typography-text-font-family ), Sans-serif; text-align: var(--text-align); font-size: 1rem;\">\u00a0<\/span><\/p><p><span style=\"font-family: var( --e-global-typography-text-font-family ), Sans-serif; text-align: var(--text-align); font-size: 1rem;\">Een vegetarische barbecue is ook mogelijk, geef dit dan even aan bij de reservering. Uiteraard kunnen de bijgerechten gratis bijbesteld worden wanneer deze op zijn. Zo kun je onbezorgd genieten!\u00a0<\/span><\/p><p><span style=\"font-family: var( --e-global-typography-text-font-family ), Sans-serif; text-align: var(--text-align); font-size: 1rem;\">Kinderen tot 12 jaar kunnen meedoen voor \u20ac15,- p.p. Zij krijgen ook weer verse friet, brood, salade en knakworstjes en frikandelletjes om te grillen.<\/span><\/p><p><strong>Reserveren<\/strong><br \/>Onze barbecue tafels zijn perfect voor een gezellige avond met familie of vrienden. De tafels zijn vanaf 2 personen en tot 6 personen te reserveren, tussen 16:00 uur en 20:00 uur. Omdat we 3 tafels beschikbaar hebben, moet je deze van tevoren reserveren.<\/p>\t\t\t\t\t\t\t\t<\/div>\n\t\t\t\t\t<\/div>\n\t\t\t\t<\/div>\n\t\t\t\t<\/div>\n\t\t","protected":false},"excerpt":{"rendered":"<p>Barbecue tafel Heb je geen eigen barbecue of tuin? Of zie je op tegen het schoonmaken achteraf? Geen zorgen! Met onze\u00a0barbecue tafels kun je zelf barbecue\u00ebn op ons gezellige, verwarmde terras, terwijl wij alles voor je regelen \u2013 inclusief de afwas. Barbecue TafelJe kunt bij ons elke dag van de week heerlijk komen barbecue\u00ebn voor [&hellip;]<\/p>\n","protected":false},"author":3,"featured_media":3450,"parent":1135,"menu_order":0,"comment_status":"closed","ping_status":"closed","template":"","meta":{"_acf_changed":false,"footnotes":""},"class_list":["post-3449","page","type-page","status-publish","has-post-thumbnail","hentry"],"acf":[],"yoast_head":"<!-- This site is optimized with the Yoast SEO plugin v27.3 - https:\/\/yoast.com\/product\/yoast-seo-wordpress\/ -->\n<title>Barbecue tafel - Caf\u00e9 Eten en Drinken Malden<\/title>\n<meta name=\"description\" content=\"Heerlijk barbecue\u00ebn zonder gedoe en afwas! Kom deze zomer lekker barbecue\u00ebn vanaf ons terras met onze barbecue tafel.\" \/>\n<meta name=\"robots\" content=\"index, follow, max-snippet:-1, max-image-preview:large, max-video-preview:-1\" \/>\n<link rel=\"canonical\" href=\"https:\/\/cafe-etenendrinken.nl\/malden\/activiteiten\/barbecue-tafel\/\" \/>\n<meta property=\"og:locale\" content=\"nl_NL\" \/>\n<meta property=\"og:type\" content=\"article\" \/>\n<meta property=\"og:title\" content=\"Barbecue tafel - Caf\u00e9 Eten en Drinken Malden\" \/>\n<meta property=\"og:description\" content=\"Heerlijk barbecue\u00ebn zonder gedoe en afwas! Kom deze zomer lekker barbecue\u00ebn vanaf ons terras met onze barbecue tafel.\" \/>\n<meta property=\"og:url\" content=\"https:\/\/cafe-etenendrinken.nl\/malden\/activiteiten\/barbecue-tafel\/\" \/>\n<meta property=\"og:site_name\" content=\"Caf\u00e9 Eten en Drinken Malden\" \/>\n<meta property=\"article:modified_time\" content=\"2026-04-01T11:29:36+00:00\" \/>\n<meta property=\"og:image\" content=\"https:\/\/cafe-etenendrinken.nl\/malden\/wp-content\/uploads\/sites\/8\/2026\/01\/Activiteitenagenda-website-1.jpg\" \/>\n\t<meta property=\"og:image:width\" content=\"660\" \/>\n\t<meta property=\"og:image:height\" content=\"660\" \/>\n\t<meta property=\"og:image:type\" content=\"image\/jpeg\" \/>\n<meta name=\"twitter:card\" content=\"summary_large_image\" \/>\n<meta name=\"twitter:label1\" content=\"Geschatte leestijd\" \/>\n\t<meta name=\"twitter:data1\" content=\"1 minuut\" \/>\n<script type=\"application\/ld+json\" class=\"yoast-schema-graph\">{\"@context\":\"https:\\\/\\\/schema.org\",\"@graph\":[{\"@type\":\"WebPage\",\"@id\":\"https:\\\/\\\/cafe-etenendrinken.nl\\\/malden\\\/activiteiten\\\/barbecue-tafel\\\/\",\"url\":\"https:\\\/\\\/cafe-etenendrinken.nl\\\/malden\\\/activiteiten\\\/barbecue-tafel\\\/\",\"name\":\"Barbecue tafel - Caf\u00e9 Eten en Drinken Malden\",\"isPartOf\":{\"@id\":\"https:\\\/\\\/cafe-etenendrinken.nl\\\/malden\\\/#website\"},\"primaryImageOfPage\":{\"@id\":\"https:\\\/\\\/cafe-etenendrinken.nl\\\/malden\\\/activiteiten\\\/barbecue-tafel\\\/#primaryimage\"},\"image\":{\"@id\":\"https:\\\/\\\/cafe-etenendrinken.nl\\\/malden\\\/activiteiten\\\/barbecue-tafel\\\/#primaryimage\"},\"thumbnailUrl\":\"https:\\\/\\\/cafe-etenendrinken.nl\\\/malden\\\/wp-content\\\/uploads\\\/sites\\\/8\\\/2026\\\/04\\\/Barbecue-tafel-scaled.jpg\",\"datePublished\":\"2026-04-01T11:28:11+00:00\",\"dateModified\":\"2026-04-01T11:29:36+00:00\",\"description\":\"Heerlijk barbecue\u00ebn zonder gedoe en afwas! Kom deze zomer lekker barbecue\u00ebn vanaf ons terras met onze barbecue tafel.\",\"breadcrumb\":{\"@id\":\"https:\\\/\\\/cafe-etenendrinken.nl\\\/malden\\\/activiteiten\\\/barbecue-tafel\\\/#breadcrumb\"},\"inLanguage\":\"nl-NL\",\"potentialAction\":[{\"@type\":\"ReadAction\",\"target\":[\"https:\\\/\\\/cafe-etenendrinken.nl\\\/malden\\\/activiteiten\\\/barbecue-tafel\\\/\"]}]},{\"@type\":\"ImageObject\",\"inLanguage\":\"nl-NL\",\"@id\":\"https:\\\/\\\/cafe-etenendrinken.nl\\\/malden\\\/activiteiten\\\/barbecue-tafel\\\/#primaryimage\",\"url\":\"https:\\\/\\\/cafe-etenendrinken.nl\\\/malden\\\/wp-content\\\/uploads\\\/sites\\\/8\\\/2026\\\/04\\\/Barbecue-tafel-scaled.jpg\",\"contentUrl\":\"https:\\\/\\\/cafe-etenendrinken.nl\\\/malden\\\/wp-content\\\/uploads\\\/sites\\\/8\\\/2026\\\/04\\\/Barbecue-tafel-scaled.jpg\",\"width\":1920,\"height\":2560},{\"@type\":\"BreadcrumbList\",\"@id\":\"https:\\\/\\\/cafe-etenendrinken.nl\\\/malden\\\/activiteiten\\\/barbecue-tafel\\\/#breadcrumb\",\"itemListElement\":[{\"@type\":\"ListItem\",\"position\":1,\"name\":\"Home\",\"item\":\"https:\\\/\\\/cafe-etenendrinken.nl\\\/malden\\\/\"},{\"@type\":\"ListItem\",\"position\":2,\"name\":\"Activiteiten\",\"item\":\"https:\\\/\\\/cafe-etenendrinken.nl\\\/malden\\\/activiteiten\\\/\"},{\"@type\":\"ListItem\",\"position\":3,\"name\":\"Barbecue tafel\"}]},{\"@type\":\"WebSite\",\"@id\":\"https:\\\/\\\/cafe-etenendrinken.nl\\\/malden\\\/#website\",\"url\":\"https:\\\/\\\/cafe-etenendrinken.nl\\\/malden\\\/\",\"name\":\"Caf\u00e9 Eten en Drinken Malden\",\"description\":\"Caf\u00e9 Eten en Drinken Malden\",\"publisher\":{\"@id\":\"https:\\\/\\\/cafe-etenendrinken.nl\\\/malden\\\/#organization\"},\"potentialAction\":[{\"@type\":\"SearchAction\",\"target\":{\"@type\":\"EntryPoint\",\"urlTemplate\":\"https:\\\/\\\/cafe-etenendrinken.nl\\\/malden\\\/?s={search_term_string}\"},\"query-input\":{\"@type\":\"PropertyValueSpecification\",\"valueRequired\":true,\"valueName\":\"search_term_string\"}}],\"inLanguage\":\"nl-NL\"},{\"@type\":\"Organization\",\"@id\":\"https:\\\/\\\/cafe-etenendrinken.nl\\\/malden\\\/#organization\",\"name\":\"Caf\u00e9 Eten en Drinken Malden\",\"url\":\"https:\\\/\\\/cafe-etenendrinken.nl\\\/malden\\\/\",\"logo\":{\"@type\":\"ImageObject\",\"inLanguage\":\"nl-NL\",\"@id\":\"https:\\\/\\\/cafe-etenendrinken.nl\\\/malden\\\/#\\\/schema\\\/logo\\\/image\\\/\",\"url\":\"https:\\\/\\\/cafe-etenendrinken.nl\\\/malden\\\/wp-content\\\/uploads\\\/sites\\\/8\\\/2025\\\/11\\\/logoMalden.png\",\"contentUrl\":\"https:\\\/\\\/cafe-etenendrinken.nl\\\/malden\\\/wp-content\\\/uploads\\\/sites\\\/8\\\/2025\\\/11\\\/logoMalden.png\",\"width\":1104,\"height\":268,\"caption\":\"Caf\u00e9 Eten en Drinken Malden\"},\"image\":{\"@id\":\"https:\\\/\\\/cafe-etenendrinken.nl\\\/malden\\\/#\\\/schema\\\/logo\\\/image\\\/\"}}]}<\/script>\n<!-- \/ Yoast SEO plugin. -->","yoast_head_json":{"title":"Barbecue tafel - Caf\u00e9 Eten en Drinken Malden","description":"Heerlijk barbecue\u00ebn zonder gedoe en afwas! Kom deze zomer lekker barbecue\u00ebn vanaf ons terras met onze barbecue tafel.","robots":{"index":"index","follow":"follow","max-snippet":"max-snippet:-1","max-image-preview":"max-image-preview:large","max-video-preview":"max-video-preview:-1"},"canonical":"https:\/\/cafe-etenendrinken.nl\/malden\/activiteiten\/barbecue-tafel\/","og_locale":"nl_NL","og_type":"article","og_title":"Barbecue tafel - Caf\u00e9 Eten en Drinken Malden","og_description":"Heerlijk barbecue\u00ebn zonder gedoe en afwas! Kom deze zomer lekker barbecue\u00ebn vanaf ons terras met onze barbecue tafel.","og_url":"https:\/\/cafe-etenendrinken.nl\/malden\/activiteiten\/barbecue-tafel\/","og_site_name":"Caf\u00e9 Eten en Drinken Malden","article_modified_time":"2026-04-01T11:29:36+00:00","og_image":[{"width":660,"height":660,"url":"https:\/\/cafe-etenendrinken.nl\/malden\/wp-content\/uploads\/sites\/8\/2026\/01\/Activiteitenagenda-website-1.jpg","type":"image\/jpeg"}],"twitter_card":"summary_large_image","twitter_misc":{"Geschatte leestijd":"1 minuut"},"schema":{"@context":"https:\/\/schema.org","@graph":[{"@type":"WebPage","@id":"https:\/\/cafe-etenendrinken.nl\/malden\/activiteiten\/barbecue-tafel\/","url":"https:\/\/cafe-etenendrinken.nl\/malden\/activiteiten\/barbecue-tafel\/","name":"Barbecue tafel - Caf\u00e9 Eten en Drinken Malden","isPartOf":{"@id":"https:\/\/cafe-etenendrinken.nl\/malden\/#website"},"primaryImageOfPage":{"@id":"https:\/\/cafe-etenendrinken.nl\/malden\/activiteiten\/barbecue-tafel\/#primaryimage"},"image":{"@id":"https:\/\/cafe-etenendrinken.nl\/malden\/activiteiten\/barbecue-tafel\/#primaryimage"},"thumbnailUrl":"https:\/\/cafe-etenendrinken.nl\/malden\/wp-content\/uploads\/sites\/8\/2026\/04\/Barbecue-tafel-scaled.jpg","datePublished":"2026-04-01T11:28:11+00:00","dateModified":"2026-04-01T11:29:36+00:00","description":"Heerlijk barbecue\u00ebn zonder gedoe en afwas! Kom deze zomer lekker barbecue\u00ebn vanaf ons terras met onze barbecue tafel.","breadcrumb":{"@id":"https:\/\/cafe-etenendrinken.nl\/malden\/activiteiten\/barbecue-tafel\/#breadcrumb"},"inLanguage":"nl-NL","potentialAction":[{"@type":"ReadAction","target":["https:\/\/cafe-etenendrinken.nl\/malden\/activiteiten\/barbecue-tafel\/"]}]},{"@type":"ImageObject","inLanguage":"nl-NL","@id":"https:\/\/cafe-etenendrinken.nl\/malden\/activiteiten\/barbecue-tafel\/#primaryimage","url":"https:\/\/cafe-etenendrinken.nl\/malden\/wp-content\/uploads\/sites\/8\/2026\/04\/Barbecue-tafel-scaled.jpg","contentUrl":"https:\/\/cafe-etenendrinken.nl\/malden\/wp-content\/uploads\/sites\/8\/2026\/04\/Barbecue-tafel-scaled.jpg","width":1920,"height":2560},{"@type":"BreadcrumbList","@id":"https:\/\/cafe-etenendrinken.nl\/malden\/activiteiten\/barbecue-tafel\/#breadcrumb","itemListElement":[{"@type":"ListItem","position":1,"name":"Home","item":"https:\/\/cafe-etenendrinken.nl\/malden\/"},{"@type":"ListItem","position":2,"name":"Activiteiten","item":"https:\/\/cafe-etenendrinken.nl\/malden\/activiteiten\/"},{"@type":"ListItem","position":3,"name":"Barbecue tafel"}]},{"@type":"WebSite","@id":"https:\/\/cafe-etenendrinken.nl\/malden\/#website","url":"https:\/\/cafe-etenendrinken.nl\/malden\/","name":"Caf\u00e9 Eten en Drinken Malden","description":"Caf\u00e9 Eten en Drinken Malden","publisher":{"@id":"https:\/\/cafe-etenendrinken.nl\/malden\/#organization"},"potentialAction":[{"@type":"SearchAction","target":{"@type":"EntryPoint","urlTemplate":"https:\/\/cafe-etenendrinken.nl\/malden\/?s={search_term_string}"},"query-input":{"@type":"PropertyValueSpecification","valueRequired":true,"valueName":"search_term_string"}}],"inLanguage":"nl-NL"},{"@type":"Organization","@id":"https:\/\/cafe-etenendrinken.nl\/malden\/#organization","name":"Caf\u00e9 Eten en Drinken Malden","url":"https:\/\/cafe-etenendrinken.nl\/malden\/","logo":{"@type":"ImageObject","inLanguage":"nl-NL","@id":"https:\/\/cafe-etenendrinken.nl\/malden\/#\/schema\/logo\/image\/","url":"https:\/\/cafe-etenendrinken.nl\/malden\/wp-content\/uploads\/sites\/8\/2025\/11\/logoMalden.png","contentUrl":"https:\/\/cafe-etenendrinken.nl\/malden\/wp-content\/uploads\/sites\/8\/2025\/11\/logoMalden.png","width":1104,"height":268,"caption":"Caf\u00e9 Eten en Drinken Malden"},"image":{"@id":"https:\/\/cafe-etenendrinken.nl\/malden\/#\/schema\/logo\/image\/"}}]}},"_links":{"self":[{"href":"https:\/\/cafe-etenendrinken.nl\/malden\/wp-json\/wp\/v2\/pages\/3449","targetHints":{"allow":["GET"]}}],"collection":[{"href":"https:\/\/cafe-etenendrinken.nl\/malden\/wp-json\/wp\/v2\/pages"}],"about":[{"href":"https:\/\/cafe-etenendrinken.nl\/malden\/wp-json\/wp\/v2\/types\/page"}],"author":[{"embeddable":true,"href":"https:\/\/cafe-etenendrinken.nl\/malden\/wp-json\/wp\/v2\/users\/3"}],"replies":[{"embeddable":true,"href":"https:\/\/cafe-etenendrinken.nl\/malden\/wp-json\/wp\/v2\/comments?post=3449"}],"version-history":[{"count":4,"href":"https:\/\/cafe-etenendrinken.nl\/malden\/wp-json\/wp\/v2\/pages\/3449\/revisions"}],"predecessor-version":[{"id":3455,"href":"https:\/\/cafe-etenendrinken.nl\/malden\/wp-json\/wp\/v2\/pages\/3449\/revisions\/3455"}],"up":[{"embeddable":true,"href":"https:\/\/cafe-etenendrinken.nl\/malden\/wp-json\/wp\/v2\/pages\/1135"}],"wp:featuredmedia":[{"embeddable":true,"href":"https:\/\/cafe-etenendrinken.nl\/malden\/wp-json\/wp\/v2\/media\/3450"}],"wp:attachment":[{"href":"https:\/\/cafe-etenendrinken.nl\/malden\/wp-json\/wp\/v2\/media?parent=3449"}],"curies":[{"name":"wp","href":"https:\/\/api.w.org\/{rel}","templated":true}]}}